{"id":558,"date":"2016-03-09T15:02:09","date_gmt":"2016-03-09T14:02:09","guid":{"rendered":"https:\/\/www.trialog-journal.de\/en\/?page_id=558"},"modified":"2024-05-03T15:06:28","modified_gmt":"2024-05-03T13:06:28","slug":"imprint","status":"publish","type":"page","link":"https:\/\/www.trialog-journal.de\/en\/imprint\/","title":{"rendered":"Imprint"},"content":{"rendered":"<p><strong>Publisher of TRIALOG:<\/strong><br \/>\nTRIALOG e.\u2009V., Verein zur Erforschung des Planens und Bauens in Entwicklungsl\u00e4ndern<\/p>\n<p><strong>Editorial Office and Association:<\/strong><br \/>\nTRIALOG e.V.,<br \/>\nc\/o Habitat Unit, Institut f\u00fcr Architektur, Sekr.\u00a0A53<br \/>\nStra\u00dfe des 17.Juni 153<br \/>\n10623 Berlin<\/p>\n<p><strong>Email:<\/strong><br \/>\n<a href=\"mailto:&#116;re&#97;surer&#64;&#116;&#114;&#105;a&#108;o&#103;&#45;&#106;ournal.de\">t&#114;ea&#115;&#117;&#114;e&#114;&#64;&#116;&#114;i&#97;l&#111;g&#45;&#106;our&#110;al.de<\/a><\/p>\n<p>ISSN 0724-6234<\/p>\n<p>Alle Rechte vorbehalten.<br \/>\nTRIALOG e.\u2009V., der Verein zur Erforschung des Planens und Bauens in Entwicklungsl\u00e4ndern, haftet nicht f\u00fcr unverlangt eingesandte Inhalte Manuskripte und Fotos. F\u00fcr Inhalte externer Links und fremde Inhalte \u00fcbernehmen wir keine Verantwortung.<\/p>\n<p><strong>Website Design:<\/strong><b><br \/>\n<\/b>doppelpunkt Kommunikationsdesign<\/p>\n<p><strong>Template Programming:<\/strong><b><br \/>\n<\/b>Christian Roth, goYippi design<\/p>\n","protected":false},"excerpt":{"rendered":"<p>Publisher of TRIALOG: TRIALOG e.\u2009V., Verein zur Erforschung des Planens und Bauens in Entwicklungsl\u00e4ndern Editorial Office and Association: TRIALOG e.V., c\/o Habitat Unit, Institut f\u00fcr Architektur, Sekr.\u00a0A53 Stra\u00dfe des 17.Juni&#8230;<\/p>\n","protected":false},"author":1,"featured_media":0,"parent":0,"menu_order":900,"comment_status":"closed","ping_status":"closed","template":"","meta":{"_acf_changed":false,"footnotes":""},"class_list":["post-558","page","type-page","status-publish","hentry"],"acf":[],"_links":{"self":[{"href":"https:\/\/www.trialog-journal.de\/en\/wp-json\/wp\/v2\/pages\/558","targetHints":{"allow":["GET"]}}],"collection":[{"href":"https:\/\/www.trialog-journal.de\/en\/wp-json\/wp\/v2\/pages"}],"about":[{"href":"https:\/\/www.trialog-journal.de\/en\/wp-json\/wp\/v2\/types\/page"}],"author":[{"embeddable":true,"href":"https:\/\/www.trialog-journal.de\/en\/wp-json\/wp\/v2\/users\/1"}],"replies":[{"embeddable":true,"href":"https:\/\/www.trialog-journal.de\/en\/wp-json\/wp\/v2\/comments?post=558"}],"version-history":[{"count":14,"href":"https:\/\/www.trialog-journal.de\/en\/wp-json\/wp\/v2\/pages\/558\/revisions"}],"predecessor-version":[{"id":1320,"href":"https:\/\/www.trialog-journal.de\/en\/wp-json\/wp\/v2\/pages\/558\/revisions\/1320"}],"wp:attachment":[{"href":"https:\/\/www.trialog-journal.de\/en\/wp-json\/wp\/v2\/media?parent=558"}],"curies":[{"name":"wp","href":"https:\/\/api.w.org\/{rel}","templated":true}]}}